{"id":1341,"date":"2017-09-14T10:43:12","date_gmt":"2017-09-14T10:43:12","guid":{"rendered":"https:\/\/www.zaferteknoloji.com\/about-us\/"},"modified":"2024-02-03T23:00:40","modified_gmt":"2024-02-03T23:00:40","slug":"about-us","status":"publish","type":"page","link":"https:\/\/www.zaferteknoloji.com\/?page_id=1341","title":{"rendered":"About Us"},"content":{"rendered":"\t\t<div data-elementor-type=\"wp-post\" data-elementor-id=\"1341\" class=\"elementor elementor-1341\">\n\t\t\t\t<div class=\"elementor-element elementor-element-a77760e e-flex e-con-boxed e-con e-parent\" data-id=\"a77760e\" data-element_type=\"container\" data-settings=\"{&quot;background_background&quot;:&quot;classic&quot;}\">\n\t\t\t\t\t<div class=\"e-con-inner\">\n\t\t<div class=\"elementor-element elementor-element-c983c45 e-con-full e-flex e-con e-child\" data-id=\"c983c45\" data-element_type=\"container\">\n\t\t\t\t<div class=\"elementor-element elementor-element-3033cab elementor-widget elementor-widget-heading\" data-id=\"3033cab\" data-element_type=\"widget\" data-widget_type=\"heading.default\">\n\t\t\t\t<div class=\"elementor-widget-container\">\n\t\t\t\t\t<h1 class=\"elementor-heading-title elementor-size-default\">Hakk\u0131m\u0131zda<\/h1>\t\t\t\t<\/div>\n\t\t\t\t<\/div>\n\t\t\t\t<div class=\"elementor-element elementor-element-25b92db elementor-widget elementor-widget-text-editor\" data-id=\"25b92db\" data-element_type=\"widget\" data-widget_type=\"text-editor.default\">\n\t\t\t\t<div class=\"elementor-widget-container\">\n\t\t\t\t\t\t\t\t\t<p>Neden mi biz?<\/p>\t\t\t\t\t\t\t\t<\/div>\n\t\t\t\t<\/div>\n\t\t\t\t<\/div>\n\t\t\t\t\t<\/div>\n\t\t\t\t<\/div>\n\t\t<div class=\"elementor-element elementor-element-6929996 e-flex e-con-boxed e-con e-parent\" data-id=\"6929996\" data-element_type=\"container\" data-settings=\"{&quot;background_background&quot;:&quot;classic&quot;}\">\n\t\t\t\t\t<div class=\"e-con-inner\">\n\t\t<div class=\"elementor-element elementor-element-64648da e-con-full e-flex e-con e-child\" data-id=\"64648da\" data-element_type=\"container\">\n\t\t\t\t<div class=\"elementor-element elementor-element-a94bef4 elementor-widget elementor-widget-heading\" data-id=\"a94bef4\" data-element_type=\"widget\" data-widget_type=\"heading.default\">\n\t\t\t\t<div class=\"elementor-widget-container\">\n\t\t\t\t\t<h2 class=\"elementor-heading-title elementor-size-default\">\u0130\u015fletme altyap\u0131m\u0131z ve ekibimiz<\/h2>\t\t\t\t<\/div>\n\t\t\t\t<\/div>\n\t\t\t\t<div class=\"elementor-element elementor-element-9e52f4a elementor-widget elementor-widget-text-editor\" data-id=\"9e52f4a\" data-element_type=\"widget\" data-widget_type=\"text-editor.default\">\n\t\t\t\t<div class=\"elementor-widget-container\">\n\t\t\t\t\t\t\t\t\t<p>T\u00fcm ihtiya\u00e7lar\u0131n\u0131z\u0131 kar\u015f\u0131l\u0131yacak \u00fcr\u00fcn depomuz ve deneyimli teknik ekibimiz ile ihtiyac\u0131n\u0131z olan hizmeti kar\u015f\u0131lamak i\u00e7in 2000 y\u0131l\u0131ndan beri gelen tecr\u00fcbemize g\u00fcvenebilirsiniz.<\/p><p>Gerekli olan b\u00fct\u00fcn \u00f6deme sistemlerinin ana toptan da\u011f\u0131t\u0131c\u0131 bayiisi olmam\u0131z\u0131n ve yenilikleri takip eden ara\u015ft\u0131rma ekibimizin sayesinde t\u00fcm ihtiya\u00e7lar\u0131n\u0131z tek bir noktada, Zafer Teknoloji&#8217;de!<\/p>\t\t\t\t\t\t\t\t<\/div>\n\t\t\t\t<\/div>\n\t\t\t\t<\/div>\n\t\t<div class=\"elementor-element elementor-element-5c0a501 e-con-full e-flex e-con e-child\" data-id=\"5c0a501\" data-element_type=\"container\" data-settings=\"{&quot;background_background&quot;:&quot;classic&quot;}\">\n\t\t\t\t<div class=\"elementor-element elementor-element-2a7c0c4 elementor-widget elementor-widget-image\" data-id=\"2a7c0c4\" data-element_type=\"widget\" data-widget_type=\"image.default\">\n\t\t\t\t<div class=\"elementor-widget-container\">\n\t\t\t\t\t\t\t\t\t\t\t\t\t\t\t<img fetchpriority=\"high\" decoding=\"async\" width=\"2560\" height=\"1920\" src=\"https:\/\/www.zaferteknoloji.com\/wp-content\/uploads\/2024\/02\/pexels-energepiccom-2988232-scaled-1.jpg\" class=\"attachment-full size-full wp-image-1490\" alt=\"\" srcset=\"https:\/\/www.zaferteknoloji.com\/wp-content\/uploads\/2024\/02\/pexels-energepiccom-2988232-scaled-1.jpg 2560w, https:\/\/www.zaferteknoloji.com\/wp-content\/uploads\/2024\/02\/pexels-energepiccom-2988232-scaled-1-300x225.jpg 300w, https:\/\/www.zaferteknoloji.com\/wp-content\/uploads\/2024\/02\/pexels-energepiccom-2988232-scaled-1-1024x768.jpg 1024w, https:\/\/www.zaferteknoloji.com\/wp-content\/uploads\/2024\/02\/pexels-energepiccom-2988232-scaled-1-768x576.jpg 768w, https:\/\/www.zaferteknoloji.com\/wp-content\/uploads\/2024\/02\/pexels-energepiccom-2988232-scaled-1-1536x1152.jpg 1536w, https:\/\/www.zaferteknoloji.com\/wp-content\/uploads\/2024\/02\/pexels-energepiccom-2988232-scaled-1-2048x1536.jpg 2048w\" sizes=\"(max-width: 2560px) 100vw, 2560px\" \/>\t\t\t\t\t\t\t\t\t\t\t\t\t\t\t<\/div>\n\t\t\t\t<\/div>\n\t\t\t\t<\/div>\n\t\t\t\t\t<\/div>\n\t\t\t\t<\/div>\n\t\t<div class=\"elementor-element elementor-element-f7cb44d e-flex e-con-boxed e-con e-parent\" data-id=\"f7cb44d\" data-element_type=\"container\">\n\t\t\t\t\t<div class=\"e-con-inner\">\n\t\t\t\t<div class=\"elementor-element elementor-element-6ce718e elementor-widget elementor-widget-video\" data-id=\"6ce718e\" data-element_type=\"widget\" data-settings=\"{&quot;youtube_url&quot;:&quot;https:\\\/\\\/www.youtube.com\\\/watch?si=qG6PczzdKdaIrlPy&amp;v=5L1Z7NU-yDI&amp;feature=youtu.be&quot;,&quot;autoplay&quot;:&quot;yes&quot;,&quot;play_on_mobile&quot;:&quot;yes&quot;,&quot;mute&quot;:&quot;yes&quot;,&quot;video_type&quot;:&quot;youtube&quot;,&quot;controls&quot;:&quot;yes&quot;}\" data-widget_type=\"video.default\">\n\t\t\t\t<div class=\"elementor-widget-container\">\n\t\t\t\t\t\t\t<div class=\"elementor-wrapper elementor-open-inline\">\n\t\t\t<div class=\"elementor-video\"><\/div>\t\t<\/div>\n\t\t\t\t\t\t<\/div>\n\t\t\t\t<\/div>\n\t\t\t\t\t<\/div>\n\t\t\t\t<\/div>\n\t\t\t\t<\/div>\n\t\t","protected":false},"excerpt":{"rendered":"<p>Hakk\u0131m\u0131zda Neden mi biz? \u0130\u015fletme altyap\u0131m\u0131z ve ekibimiz T\u00fcm ihtiya\u00e7lar\u0131n\u0131z\u0131 kar\u015f\u0131l\u0131yacak \u00fcr\u00fcn depomuz ve deneyimli teknik ekibimiz ile ihtiyac\u0131n\u0131z olan hizmeti kar\u015f\u0131lamak i\u00e7in 2000 y\u0131l\u0131ndan beri gelen tecr\u00fcbemize g\u00fcvenebilirsiniz. Gerekli olan b\u00fct\u00fcn \u00f6deme sistemlerinin ana toptan da\u011f\u0131t\u0131c\u0131 bayiisi olmam\u0131z\u0131n ve yenilikleri takip eden ara\u015ft\u0131rma ekibimizin sayesinde t\u00fcm ihtiya\u00e7lar\u0131n\u0131z tek bir noktada, Zafer Teknoloji&#8217;de! https:\/\/www.youtube.com\/watch?si=qG6PczzdKdaIrlPy&#038;v=5L1Z7NU-yDI&#038;feature=youtu.be<\/p>\n","protected":false},"author":1,"featured_media":0,"parent":0,"menu_order":0,"comment_status":"closed","ping_status":"closed","template":"","meta":{"site-sidebar-layout":"no-sidebar","site-content-layout":"page-builder","ast-site-content-layout":"default","site-content-style":"default","site-sidebar-style":"default","ast-global-header-display":"","ast-banner-title-visibility":"","ast-main-header-display":"","ast-hfb-above-header-display":"","ast-hfb-below-header-display":"","ast-hfb-mobile-header-display":"","site-post-title":"disabled","ast-breadcrumbs-content":"","ast-featured-img":"disabled","footer-sml-layout":"","ast-disable-related-posts":"","theme-transparent-header-meta":"enabled","adv-header-id-meta":"","stick-header-meta":"","header-above-stick-meta":"","header-main-stick-meta":"","header-below-stick-meta":"","astra-migrate-meta-layouts":"default","ast-page-background-enabled":"default","ast-page-background-meta":{"desktop":{"background-color":"","background-image":"","background-repeat":"repeat","background-position":"center center","background-size":"auto","background-attachment":"scroll","background-type":"","background-media":"","overlay-type":"","overlay-color":"","overlay-opacity":"","overlay-gradient":""},"tablet":{"background-color":"","background-image":"","background-repeat":"repeat","background-position":"center center","background-size":"auto","background-attachment":"scroll","background-type":"","background-media":"","overlay-type":"","overlay-color":"","overlay-opacity":"","overlay-gradient":""},"mobile":{"background-color":"","background-image":"","background-repeat":"repeat","background-position":"center center","background-size":"auto","background-attachment":"scroll","background-type":"","background-media":"","overlay-type":"","overlay-color":"","overlay-opacity":"","overlay-gradient":""}},"ast-content-background-meta":{"desktop":{"background-color":"var(--ast-global-color-5)","background-image":"","background-repeat":"repeat","background-position":"center center","background-size":"auto","background-attachment":"scroll","background-type":"","background-media":"","overlay-type":"","overlay-color":"","overlay-opacity":"","overlay-gradient":""},"tablet":{"background-color":"var(--ast-global-color-5)","background-image":"","background-repeat":"repeat","background-position":"center center","background-size":"auto","background-attachment":"scroll","background-type":"","background-media":"","overlay-type":"","overlay-color":"","overlay-opacity":"","overlay-gradient":""},"mobile":{"background-color":"var(--ast-global-color-5)","background-image":"","background-repeat":"repeat","background-position":"center center","background-size":"auto","background-attachment":"scroll","background-type":"","background-media":"","overlay-type":"","overlay-color":"","overlay-opacity":"","overlay-gradient":""}},"footnotes":""},"_links":{"self":[{"href":"https:\/\/www.zaferteknoloji.com\/index.php?rest_route=\/wp\/v2\/pages\/1341"}],"collection":[{"href":"https:\/\/www.zaferteknoloji.com\/index.php?rest_route=\/wp\/v2\/pages"}],"about":[{"href":"https:\/\/www.zaferteknoloji.com\/index.php?rest_route=\/wp\/v2\/types\/page"}],"author":[{"embeddable":true,"href":"https:\/\/www.zaferteknoloji.com\/index.php?rest_route=\/wp\/v2\/users\/1"}],"replies":[{"embeddable":true,"href":"https:\/\/www.zaferteknoloji.com\/index.php?rest_route=%2Fwp%2Fv2%2Fcomments&post=1341"}],"version-history":[{"count":18,"href":"https:\/\/www.zaferteknoloji.com\/index.php?rest_route=\/wp\/v2\/pages\/1341\/revisions"}],"predecessor-version":[{"id":1667,"href":"https:\/\/www.zaferteknoloji.com\/index.php?rest_route=\/wp\/v2\/pages\/1341\/revisions\/1667"}],"wp:attachment":[{"href":"https:\/\/www.zaferteknoloji.com\/index.php?rest_route=%2Fwp%2Fv2%2Fmedia&parent=1341"}],"curies":[{"name":"wp","href":"https:\/\/api.w.org\/{rel}","templated":true}]}}